{"id":3247,"date":"2026-04-15T17:21:31","date_gmt":"2026-04-15T15:21:31","guid":{"rendered":"https:\/\/www.iwanemark.com\/?post_type=product&#038;p=3247"},"modified":"2026-04-15T17:21:40","modified_gmt":"2026-04-15T15:21:40","slug":"pro","status":"publish","type":"product","link":"https:\/\/www.iwanemark.com\/?product=pro","title":{"rendered":"PRO"},"content":{"rendered":"<p>Ce soir assure le besoins d&rsquo;\u00eatre avec son partenaire, arriv\u00e9 \u00e0 l&rsquo;aube un nouveau destin.<\/p>\n","protected":false},"excerpt":{"rendered":"<p>Ce soir assure le besoins d&rsquo;\u00eatre avec son partenaire, arriv\u00e9 \u00e0 l&rsquo;aube un nouveau destin.<\/p>\n","protected":false},"featured_media":3234,"comment_status":"open","ping_status":"closed","template":"","meta":{"_EventAllDay":false,"_EventTimezone":"","_EventStartDate":"","_EventEndDate":"","_EventStartDateUTC":"","_EventEndDateUTC":"","_EventShowMap":false,"_EventShowMapLink":false,"_EventURL":"","_EventCost":"","_EventCostDescription":"","_EventCurrencySymbol":"","_EventCurrencyCode":"","_EventCurrencyPosition":"","_EventDateTimeSeparator":"","_EventTimeRangeSeparator":"","_EventOrganizerID":[],"_EventVenueID":[],"_OrganizerEmail":"","_OrganizerPhone":"","_OrganizerWebsite":"","_VenueAddress":"","_VenueCity":"","_VenueCountry":"","_VenueProvince":"","_VenueState":"","_VenueZip":"","_VenuePhone":"","_VenueURL":"","_VenueStateProvince":"","_VenueLat":"","_VenueLng":"","_VenueShowMap":false,"_VenueShowMapLink":false,"_kadence_starter_templates_imported_post":false,"_kad_post_transparent":"default","_kad_post_title":"","_kad_post_layout":"default","_kad_post_sidebar_id":"","_kad_post_content_style":"default","_kad_post_vertical_padding":"default","_kad_post_feature":"","_kad_post_feature_position":"","_kad_post_header":false,"_kad_post_footer":false,"_kad_post_classname":"","slim_seo":{"title":"PRO - Iwane Mark","description":"Ce soir assure le besoins d'\u00eatre avec son partenaire, arriv\u00e9 \u00e0 l'aube un nouveau destin."}},"product_brand":[],"product_cat":[35],"product_tag":[],"class_list":{"0":"post-3247","1":"product","2":"type-product","3":"status-publish","4":"has-post-thumbnail","6":"product_cat-non-classe","8":"first","9":"instock","10":"shipping-taxable","11":"purchasable","12":"product-type-simple","13":"entry","14":"content-bg","15":"loop-entry"},"_links":{"self":[{"href":"https:\/\/www.iwanemark.com\/index.php?rest_route=\/wp\/v2\/product\/3247","targetHints":{"allow":["GET"]}}],"collection":[{"href":"https:\/\/www.iwanemark.com\/index.php?rest_route=\/wp\/v2\/product"}],"about":[{"href":"https:\/\/www.iwanemark.com\/index.php?rest_route=\/wp\/v2\/types\/product"}],"replies":[{"embeddable":true,"href":"https:\/\/www.iwanemark.com\/index.php?rest_route=%2Fwp%2Fv2%2Fcomments&post=3247"}],"wp:featuredmedia":[{"embeddable":true,"href":"https:\/\/www.iwanemark.com\/index.php?rest_route=\/wp\/v2\/media\/3234"}],"wp:attachment":[{"href":"https:\/\/www.iwanemark.com\/index.php?rest_route=%2Fwp%2Fv2%2Fmedia&parent=3247"}],"wp:term":[{"taxonomy":"product_brand","embeddable":true,"href":"https:\/\/www.iwanemark.com\/index.php?rest_route=%2Fwp%2Fv2%2Fproduct_brand&post=3247"},{"taxonomy":"product_cat","embeddable":true,"href":"https:\/\/www.iwanemark.com\/index.php?rest_route=%2Fwp%2Fv2%2Fproduct_cat&post=3247"},{"taxonomy":"product_tag","embeddable":true,"href":"https:\/\/www.iwanemark.com\/index.php?rest_route=%2Fwp%2Fv2%2Fproduct_tag&post=3247"}],"curies":[{"name":"wp","href":"https:\/\/api.w.org\/{rel}","templated":true}]}}